{"id":183,"date":"2018-10-18T11:33:19","date_gmt":"2018-10-18T09:33:19","guid":{"rendered":"http:\/\/vitigad.fr\/?page_id=183"},"modified":"2018-10-18T11:33:19","modified_gmt":"2018-10-18T09:33:19","slug":"mentions-legales","status":"publish","type":"page","link":"https:\/\/vitigad.fr\/index.php\/mentions-legales\/","title":{"rendered":"Mentions l\u00e9gales"},"content":{"rendered":"<p>\u00c9DITEUR<br \/>\n_<\/p>\n<p>SARL VitiGad<br \/>\nAdresse: La Figui\u00e8re &#8211; 30210 Cabri\u00e8res<br \/>\nTel\u00a0: 06.13.59.06.99<\/p>\n<p>Directeur de la publication :\u00a0Mr GADIOU<\/p>\n<p>&nbsp;<\/p>\n<p>CR\u00c9DITS<br \/>\n_<\/p>\n<p>Conception et r\u00e9alisation<br \/>\nVitiGad<br \/>\nLa Figui\u00e8re &#8211; 30210 Cabri\u00e8res<br \/>\nhttp:\/\/vitigad.fr<\/p>\n<p>&nbsp;<\/p>\n<p>DROITS ET CONTENUS<br \/>\n_<\/p>\n<p>Avertissement : Le site et son contenu font l\u2019objet d\u2019une protection l\u00e9gale au titre de la propri\u00e9t\u00e9 litt\u00e9raire et artistique (droits d\u2019auteurs) et de la propri\u00e9t\u00e9 industrielle (marques, dessins et visuels). L\u2019utilisation du site est limit\u00e9e \u00e0 la consultation, l\u2019\u00e9dition et\/ou l\u2019impression de tout ou partie du site pour un usage strictement individuel et priv\u00e9. Toute reproduction et diffusion d\u2019\u00e9l\u00e9ments du site \u00e0 des fins commerciales, ainsi que toute modification, r\u00e9utilisation ou incorporation de ces \u00e9l\u00e9ments \u00e0 d\u2019autres \u0153uvres est interdite, sauf autorisation expresse et par \u00e9crit de VitiGad. Le non-respect de ces r\u00e8gles peut engager la responsabilit\u00e9 civile et p\u00e9nale du contrevenant.<\/p>\n<p>&nbsp;<\/p>\n<p>H\u00c9BERGEUR<br \/>\n_<\/p>\n<p>OVH<br \/>\n2 rue Kellermann \u2013 59100 Roubaix \u2013 France<br \/>\nT\u00e9l\u00e9phone : +33 9 72 10 10 07<\/p>\n","protected":false},"excerpt":{"rendered":"<p>\u00c9DITEUR _ SARL VitiGad Adresse: La Figui\u00e8re &#8211; 30210 Cabri\u00e8res Tel\u00a0: 06.13.59.06.99 Directeur de la publication :\u00a0Mr GADIOU &nbsp; CR\u00c9DITS _ Conception et r\u00e9alisation VitiGad La Figui\u00e8re &#8211; 30210 Cabri\u00e8res http:\/\/vitigad.fr &nbsp; DROITS ET CONTENUS _ Avertissement : Le site et son contenu font l\u2019objet d\u2019une protection l\u00e9gale au titre de la propri\u00e9t\u00e9 litt\u00e9raire et [&hellip;]<\/p>\n","protected":false},"author":1,"featured_media":0,"parent":0,"menu_order":0,"comment_status":"closed","ping_status":"closed","template":"","meta":{"spay_email":""},"yoast_head":"<!-- This site is optimized with the Yoast SEO plugin v15.9 - https:\/\/yoast.com\/wordpress\/plugins\/seo\/ -->\n<title>Mentions l\u00e9gales - VitiGad<\/title>\n<meta name=\"robots\" content=\"index, follow, max-snippet:-1, max-image-preview:large, max-video-preview:-1\" \/>\n<link rel=\"canonical\" href=\"https:\/\/vitigad.fr\/index.php\/mentions-legales\/\" \/>\n<meta property=\"og:locale\" content=\"fr_FR\" \/>\n<meta property=\"og:type\" content=\"article\" \/>\n<meta property=\"og:title\" content=\"Mentions l\u00e9gales - VitiGad\" \/>\n<meta property=\"og:description\" content=\"\u00c9DITEUR _ SARL VitiGad Adresse: La Figui\u00e8re &#8211; 30210 Cabri\u00e8res Tel\u00a0: 06.13.59.06.99 Directeur de la publication :\u00a0Mr GADIOU &nbsp; CR\u00c9DITS _ Conception et r\u00e9alisation VitiGad La Figui\u00e8re &#8211; 30210 Cabri\u00e8res http:\/\/vitigad.fr &nbsp; DROITS ET CONTENUS _ Avertissement : Le site et son contenu font l\u2019objet d\u2019une protection l\u00e9gale au titre de la propri\u00e9t\u00e9 litt\u00e9raire et [&hellip;]\" \/>\n<meta property=\"og:url\" content=\"https:\/\/vitigad.fr\/index.php\/mentions-legales\/\" \/>\n<meta property=\"og:site_name\" content=\"VitiGad\" \/>\n<meta name=\"twitter:card\" content=\"summary_large_image\" \/>\n<meta name=\"twitter:label1\" content=\"Dur\u00e9e de lecture est.\">\n\t<meta name=\"twitter:data1\" content=\"1 minute\">\n<script type=\"application\/ld+json\" class=\"yoast-schema-graph\">{\"@context\":\"https:\/\/schema.org\",\"@graph\":[{\"@type\":\"WebSite\",\"@id\":\"https:\/\/vitigad.fr\/#website\",\"url\":\"https:\/\/vitigad.fr\/\",\"name\":\"VitiGad\",\"description\":\"\",\"potentialAction\":[{\"@type\":\"SearchAction\",\"target\":\"https:\/\/vitigad.fr\/?s={search_term_string}\",\"query-input\":\"required name=search_term_string\"}],\"inLanguage\":\"fr-FR\"},{\"@type\":\"WebPage\",\"@id\":\"https:\/\/vitigad.fr\/index.php\/mentions-legales\/#webpage\",\"url\":\"https:\/\/vitigad.fr\/index.php\/mentions-legales\/\",\"name\":\"Mentions l\\u00e9gales - VitiGad\",\"isPartOf\":{\"@id\":\"https:\/\/vitigad.fr\/#website\"},\"datePublished\":\"2018-10-18T09:33:19+00:00\",\"dateModified\":\"2018-10-18T09:33:19+00:00\",\"breadcrumb\":{\"@id\":\"https:\/\/vitigad.fr\/index.php\/mentions-legales\/#breadcrumb\"},\"inLanguage\":\"fr-FR\",\"potentialAction\":[{\"@type\":\"ReadAction\",\"target\":[\"https:\/\/vitigad.fr\/index.php\/mentions-legales\/\"]}]},{\"@type\":\"BreadcrumbList\",\"@id\":\"https:\/\/vitigad.fr\/index.php\/mentions-legales\/#breadcrumb\",\"itemListElement\":[{\"@type\":\"ListItem\",\"position\":1,\"item\":{\"@type\":\"WebPage\",\"@id\":\"https:\/\/vitigad.fr\/\",\"url\":\"https:\/\/vitigad.fr\/\",\"name\":\"Accueil\"}},{\"@type\":\"ListItem\",\"position\":2,\"item\":{\"@type\":\"WebPage\",\"@id\":\"https:\/\/vitigad.fr\/index.php\/mentions-legales\/\",\"url\":\"https:\/\/vitigad.fr\/index.php\/mentions-legales\/\",\"name\":\"Mentions l\\u00e9gales\"}}]}]}<\/script>\n<!-- \/ Yoast SEO plugin. -->","jetpack_sharing_enabled":true,"jetpack_shortlink":"https:\/\/wp.me\/PamHgi-2X","_links":{"self":[{"href":"https:\/\/vitigad.fr\/index.php\/wp-json\/wp\/v2\/pages\/183"}],"collection":[{"href":"https:\/\/vitigad.fr\/index.php\/wp-json\/wp\/v2\/pages"}],"about":[{"href":"https:\/\/vitigad.fr\/index.php\/wp-json\/wp\/v2\/types\/page"}],"author":[{"embeddable":true,"href":"https:\/\/vitigad.fr\/index.php\/wp-json\/wp\/v2\/users\/1"}],"replies":[{"embeddable":true,"href":"https:\/\/vitigad.fr\/index.php\/wp-json\/wp\/v2\/comments?post=183"}],"version-history":[{"count":1,"href":"https:\/\/vitigad.fr\/index.php\/wp-json\/wp\/v2\/pages\/183\/revisions"}],"predecessor-version":[{"id":186,"href":"https:\/\/vitigad.fr\/index.php\/wp-json\/wp\/v2\/pages\/183\/revisions\/186"}],"wp:attachment":[{"href":"https:\/\/vitigad.fr\/index.php\/wp-json\/wp\/v2\/media?parent=183"}],"curies":[{"name":"wp","href":"https:\/\/api.w.org\/{rel}","templated":true}]}}