{"id":468,"date":"2021-02-12T11:22:33","date_gmt":"2021-02-12T10:22:33","guid":{"rendered":"http:\/\/vitigad.fr\/?page_id=468"},"modified":"2021-09-16T10:22:00","modified_gmt":"2021-09-16T08:22:00","slug":"vitigad","status":"publish","type":"page","link":"https:\/\/vitigad.fr\/index.php\/a-propos-de\/vitigad\/","title":{"rendered":"VitiGad"},"content":{"rendered":"\t\t<div data-elementor-type=\"wp-page\" data-elementor-id=\"468\" class=\"elementor elementor-468\" data-elementor-settings=\"[]\">\n\t\t\t\t\t\t\t<div class=\"elementor-section-wrap\">\n\t\t\t\t\t\t\t<section class=\"elementor-section elementor-top-section elementor-element elementor-element-b3fa445 elementor-section-boxed elementor-section-height-default elementor-section-height-default\" data-id=\"b3fa445\" data-element_type=\"section\">\n\t\t\t\t\t\t<div class=\"elementor-container elementor-column-gap-default\">\n\t\t\t\t\t<div class=\"elementor-column elementor-col-100 elementor-top-column elementor-element elementor-element-7d09278\" data-id=\"7d09278\" data-element_type=\"column\">\n\t\t\t<div class=\"elementor-widget-wrap elementor-element-populated\">\n\t\t\t\t\t\t\t\t<div class=\"elementor-element elementor-element-9c1f5ea elementor-widget elementor-widget-heading\" data-id=\"9c1f5ea\" data-element_type=\"widget\" data-widget_type=\"heading.default\">\n\t\t\t\t<div class=\"elementor-widget-container\">\n\t\t\t<h2 class=\"elementor-heading-title elementor-size-large\">Qui sommes nous ? <\/h2>\t\t<\/div>\n\t\t\t\t<\/div>\n\t\t\t\t<div class=\"elementor-element elementor-element-7057307 elementor-widget elementor-widget-spacer\" data-id=\"7057307\" data-element_type=\"widget\" data-widget_type=\"spacer.default\">\n\t\t\t\t<div class=\"elementor-widget-container\">\n\t\t\t\t\t<div class=\"elementor-spacer\">\n\t\t\t<div class=\"elementor-spacer-inner\"><\/div>\n\t\t<\/div>\n\t\t\t\t<\/div>\n\t\t\t\t<\/div>\n\t\t\t\t<div class=\"elementor-element elementor-element-d7a8886 elementor-widget elementor-widget-text-editor\" data-id=\"d7a8886\" data-element_type=\"widget\" data-widget_type=\"text-editor.default\">\n\t\t\t\t<div class=\"elementor-widget-container\">\n\t\t\t\t\t<div class=\"elementor-text-editor elementor-clearfix\"><P>Fond\u00e9e en Septembre 2017, VitiGad rayonne dans la toute la France, mettant \u00e0 votre service son expertise et ses comp\u00e9tences dans le domaine viticole.<P>\n\n<P>Soucieuse de la culture de la vigne et de son bon d\u00e9veloppement. L\u2019entit\u00e9 cible son expertise et ses comp\u00e9tences en vous proposant son savoir faire dans les domaines du palissage et de la distribution de mat\u00e9riel.<P>\n\n<P>VitiGad commercialise des produits de qualit\u00e9s qui r\u00e9pondent \u00e0 vos besoins et contraintes.<P><\/div>\n\t\t\t\t<\/div>\n\t\t\t\t<\/div>\n\t\t\t\t<div class=\"elementor-element elementor-element-921a485 elementor-widget elementor-widget-text-editor\" data-id=\"921a485\" data-element_type=\"widget\" data-widget_type=\"text-editor.default\">\n\t\t\t\t<div class=\"elementor-widget-container\">\n\t\t\t\t\t<div class=\"elementor-text-editor elementor-clearfix\"><p>Les collaborateurs vous accompagnent dans:<\/p><\/div>\n\t\t\t\t<\/div>\n\t\t\t\t<\/div>\n\t\t\t\t<div class=\"elementor-element elementor-element-29c5b11 elementor-icon-list--layout-traditional elementor-list-item-link-full_width elementor-widget elementor-widget-icon-list\" data-id=\"29c5b11\" data-element_type=\"widget\" data-widget_type=\"icon-list.default\">\n\t\t\t\t<div class=\"elementor-widget-container\">\n\t\t\t\t\t<ul class=\"elementor-icon-list-items\">\n\t\t\t\t\t\t\t<li class=\"elementor-icon-list-item\">\n\t\t\t\t\t\t\t\t\t\t\t<span class=\"elementor-icon-list-icon\">\n\t\t\t\t\t\t\t<i aria-hidden=\"true\" class=\"fas fa-arrow-right\"><\/i>\t\t\t\t\t\t<\/span>\n\t\t\t\t\t\t\t\t\t\t<span class=\"elementor-icon-list-text\">La r\u00e9alisation de vos travaux en vous apportant un appui technique<\/span>\n\t\t\t\t\t\t\t\t\t<\/li>\n\t\t\t\t\t\t\t\t<li class=\"elementor-icon-list-item\">\n\t\t\t\t\t\t\t\t\t\t\t<span class=\"elementor-icon-list-icon\">\n\t\t\t\t\t\t\t<i aria-hidden=\"true\" class=\"fas fa-arrow-right\"><\/i>\t\t\t\t\t\t<\/span>\n\t\t\t\t\t\t\t\t\t\t<span class=\"elementor-icon-list-text\">L\u2019optimisation financi\u00e8re des co\u00fbts de r\u00e9alisation<\/span>\n\t\t\t\t\t\t\t\t\t<\/li>\n\t\t\t\t\t\t\t\t<li class=\"elementor-icon-list-item\">\n\t\t\t\t\t\t\t\t\t\t\t<span class=\"elementor-icon-list-icon\">\n\t\t\t\t\t\t\t<i aria-hidden=\"true\" class=\"fas fa-arrow-right\"><\/i>\t\t\t\t\t\t<\/span>\n\t\t\t\t\t\t\t\t\t\t<span class=\"elementor-icon-list-text\">Un confort de travail quotidien et durable<\/span>\n\t\t\t\t\t\t\t\t\t<\/li>\n\t\t\t\t\t\t\t\t<li class=\"elementor-icon-list-item\">\n\t\t\t\t\t\t\t\t\t\t\t<span class=\"elementor-icon-list-icon\">\n\t\t\t\t\t\t\t<i aria-hidden=\"true\" class=\"fas fa-arrow-right\"><\/i>\t\t\t\t\t\t<\/span>\n\t\t\t\t\t\t\t\t\t\t<span class=\"elementor-icon-list-text\">L\u2019accroissement de votre production<\/span>\n\t\t\t\t\t\t\t\t\t<\/li>\n\t\t\t\t\t\t<\/ul>\n\t\t\t\t<\/div>\n\t\t\t\t<\/div>\n\t\t\t\t<div class=\"elementor-element elementor-element-75931cd elementor-widget elementor-widget-text-editor\" data-id=\"75931cd\" data-element_type=\"widget\" data-widget_type=\"text-editor.default\">\n\t\t\t\t<div class=\"elementor-widget-container\">\n\t\t\t\t\t<div class=\"elementor-text-editor elementor-clearfix\"><p><strong>Nos points forts:<\/strong><\/p><\/div>\n\t\t\t\t<\/div>\n\t\t\t\t<\/div>\n\t\t\t\t<div class=\"elementor-element elementor-element-35514a2 elementor-icon-list--layout-traditional elementor-list-item-link-full_width elementor-widget elementor-widget-icon-list\" data-id=\"35514a2\" data-element_type=\"widget\" data-widget_type=\"icon-list.default\">\n\t\t\t\t<div class=\"elementor-widget-container\">\n\t\t\t\t\t<ul class=\"elementor-icon-list-items\">\n\t\t\t\t\t\t\t<li class=\"elementor-icon-list-item\">\n\t\t\t\t\t\t\t\t\t\t\t<span class=\"elementor-icon-list-icon\">\n\t\t\t\t\t\t\t<i aria-hidden=\"true\" class=\"fas fa-arrow-right\"><\/i>\t\t\t\t\t\t<\/span>\n\t\t\t\t\t\t\t\t\t\t<span class=\"elementor-icon-list-text\">Disponibilit\u00e9 \/ R\u00e9activit\u00e9 : commerciaux terrains<\/span>\n\t\t\t\t\t\t\t\t\t<\/li>\n\t\t\t\t\t\t\t\t<li class=\"elementor-icon-list-item\">\n\t\t\t\t\t\t\t\t\t\t\t<span class=\"elementor-icon-list-icon\">\n\t\t\t\t\t\t\t<i aria-hidden=\"true\" class=\"fas fa-arrow-right\"><\/i>\t\t\t\t\t\t<\/span>\n\t\t\t\t\t\t\t\t\t\t<span class=\"elementor-icon-list-text\">Etude personnalis\u00e9e<\/span>\n\t\t\t\t\t\t\t\t\t<\/li>\n\t\t\t\t\t\t\t\t<li class=\"elementor-icon-list-item\">\n\t\t\t\t\t\t\t\t\t\t\t<span class=\"elementor-icon-list-icon\">\n\t\t\t\t\t\t\t<i aria-hidden=\"true\" class=\"fas fa-arrow-right\"><\/i>\t\t\t\t\t\t<\/span>\n\t\t\t\t\t\t\t\t\t\t<span class=\"elementor-icon-list-text\">Des tarifs adapt\u00e9s \u00e0 votre projet<\/span>\n\t\t\t\t\t\t\t\t\t<\/li>\n\t\t\t\t\t\t\t\t<li class=\"elementor-icon-list-item\">\n\t\t\t\t\t\t\t\t\t\t\t<span class=\"elementor-icon-list-icon\">\n\t\t\t\t\t\t\t<i aria-hidden=\"true\" class=\"fas fa-arrow-right\"><\/i>\t\t\t\t\t\t<\/span>\n\t\t\t\t\t\t\t\t\t\t<span class=\"elementor-icon-list-text\">Machine GPS en perp\u00e9tuelle innovation<\/span>\n\t\t\t\t\t\t\t\t\t<\/li>\n\t\t\t\t\t\t\t\t<li class=\"elementor-icon-list-item\">\n\t\t\t\t\t\t\t\t\t\t\t<span class=\"elementor-icon-list-icon\">\n\t\t\t\t\t\t\t<i aria-hidden=\"true\" class=\"fas fa-arrow-right\"><\/i>\t\t\t\t\t\t<\/span>\n\t\t\t\t\t\t\t\t\t\t<span class=\"elementor-icon-list-text\">R\u00e9seaux de partenaires<\/span>\n\t\t\t\t\t\t\t\t\t<\/li>\n\t\t\t\t\t\t<\/ul>\n\t\t\t\t<\/div>\n\t\t\t\t<\/div>\n\t\t\t\t<div class=\"elementor-element elementor-element-0f21702 elementor-widget elementor-widget-spacer\" data-id=\"0f21702\" data-element_type=\"widget\" data-widget_type=\"spacer.default\">\n\t\t\t\t<div class=\"elementor-widget-container\">\n\t\t\t\t\t<div class=\"elementor-spacer\">\n\t\t\t<div class=\"elementor-spacer-inner\"><\/div>\n\t\t<\/div>\n\t\t\t\t<\/div>\n\t\t\t\t<\/div>\n\t\t\t\t\t<\/div>\n\t\t<\/div>\n\t\t\t\t\t\t\t<\/div>\n\t\t<\/section>\n\t\t\t\t<section class=\"elementor-section elementor-top-section elementor-element elementor-element-d0c9e2e elementor-section-boxed elementor-section-height-default elementor-section-height-default\" data-id=\"d0c9e2e\" data-element_type=\"section\">\n\t\t\t\t\t\t<div class=\"elementor-container elementor-column-gap-default\">\n\t\t\t\t\t<div class=\"elementor-column elementor-col-100 elementor-top-column elementor-element elementor-element-831ee95\" data-id=\"831ee95\" data-element_type=\"column\">\n\t\t\t<div class=\"elementor-widget-wrap elementor-element-populated\">\n\t\t\t\t\t\t\t\t<div class=\"elementor-element elementor-element-201d783 elementor-widget elementor-widget-heading\" data-id=\"201d783\" data-element_type=\"widget\" data-widget_type=\"heading.default\">\n\t\t\t\t<div class=\"elementor-widget-container\">\n\t\t\t<h2 class=\"elementor-heading-title elementor-size-large\">Notre Equipe<\/h2>\t\t<\/div>\n\t\t\t\t<\/div>\n\t\t\t\t<div class=\"elementor-element elementor-element-a26a14e elementor-widget elementor-widget-image\" data-id=\"a26a14e\" data-element_type=\"widget\" data-widget_type=\"image.default\">\n\t\t\t\t<div class=\"elementor-widget-container\">\n\t\t\t\t\t<div class=\"elementor-image\">\n\t\t\t\t\t\t\t\t\t\t<img width=\"2048\" height=\"2048\" src=\"https:\/\/vitigad.fr\/wp-content\/uploads\/2021\/02\/Disponible-Prochainement-2048x2048.png\" class=\"attachment-2048x2048 size-2048x2048\" alt=\"\" loading=\"lazy\" srcset=\"https:\/\/vitigad.fr\/wp-content\/uploads\/2021\/02\/Disponible-Prochainement.png 2048w, https:\/\/vitigad.fr\/wp-content\/uploads\/2021\/02\/Disponible-Prochainement-300x300.png 300w, https:\/\/vitigad.fr\/wp-content\/uploads\/2021\/02\/Disponible-Prochainement-1024x1024.png 1024w, https:\/\/vitigad.fr\/wp-content\/uploads\/2021\/02\/Disponible-Prochainement-150x150.png 150w, https:\/\/vitigad.fr\/wp-content\/uploads\/2021\/02\/Disponible-Prochainement-768x768.png 768w, https:\/\/vitigad.fr\/wp-content\/uploads\/2021\/02\/Disponible-Prochainement-1536x1536.png 1536w, https:\/\/vitigad.fr\/wp-content\/uploads\/2021\/02\/Disponible-Prochainement-830x830.png 830w, https:\/\/vitigad.fr\/wp-content\/uploads\/2021\/02\/Disponible-Prochainement-230x230.png 230w, https:\/\/vitigad.fr\/wp-content\/uploads\/2021\/02\/Disponible-Prochainement-350x350.png 350w, https:\/\/vitigad.fr\/wp-content\/uploads\/2021\/02\/Disponible-Prochainement-480x480.png 480w\" sizes=\"(max-width: 2048px) 100vw, 2048px\" \/>\t\t\t\t\t\t\t\t\t\t\t<\/div>\n\t\t\t\t<\/div>\n\t\t\t\t<\/div>\n\t\t\t\t<div class=\"elementor-element elementor-element-fa84370 elementor-shape-circle elementor-grid-0 e-grid-align-center elementor-widget elementor-widget-social-icons\" data-id=\"fa84370\" data-element_type=\"widget\" data-widget_type=\"social-icons.default\">\n\t\t\t\t<div class=\"elementor-widget-container\">\n\t\t\t\t\t<div class=\"elementor-social-icons-wrapper elementor-grid\">\n\t\t\t\t\t\t\t<div class=\"elementor-grid-item\">\n\t\t\t\t\t<a class=\"elementor-icon elementor-social-icon elementor-social-icon-facebook elementor-animation-pulse elementor-repeater-item-a963977\" href=\"https:\/\/www.facebook.com\/VitiGad\/\" target=\"_blank\">\n\t\t\t\t\t\t<span class=\"elementor-screen-only\">Facebook<\/span>\n\t\t\t\t\t\t<i class=\"fab fa-facebook\"><\/i>\t\t\t\t\t<\/a>\n\t\t\t\t<\/div>\n\t\t\t\t\t\t\t<div class=\"elementor-grid-item\">\n\t\t\t\t\t<a class=\"elementor-icon elementor-social-icon elementor-social-icon-instagram elementor-animation-pulse elementor-repeater-item-0b96953\" href=\"https:\/\/www.instagram.com\/vitigad\/\" target=\"_blank\">\n\t\t\t\t\t\t<span class=\"elementor-screen-only\">Instagram<\/span>\n\t\t\t\t\t\t<i class=\"fab fa-instagram\"><\/i>\t\t\t\t\t<\/a>\n\t\t\t\t<\/div>\n\t\t\t\t\t\t\t<div class=\"elementor-grid-item\">\n\t\t\t\t\t<a class=\"elementor-icon elementor-social-icon elementor-social-icon-linkedin elementor-animation-pulse elementor-repeater-item-ce80231\" href=\"https:\/\/www.linkedin.com\/company\/vitigad\/\" target=\"_blank\">\n\t\t\t\t\t\t<span class=\"elementor-screen-only\">Linkedin<\/span>\n\t\t\t\t\t\t<i class=\"fab fa-linkedin\"><\/i>\t\t\t\t\t<\/a>\n\t\t\t\t<\/div>\n\t\t\t\t\t<\/div>\n\t\t\t\t<\/div>\n\t\t\t\t<\/div>\n\t\t\t\t\t<\/div>\n\t\t<\/div>\n\t\t\t\t\t\t\t<\/div>\n\t\t<\/section>\n\t\t\t\t\t\t<\/div>\n\t\t\t\t\t<\/div>\n\t\t","protected":false},"excerpt":{"rendered":"<p>Qui sommes nous ? Fond\u00e9e en Septembre 2017, VitiGad rayonne dans la toute la France, mettant \u00e0 votre service son expertise et ses comp\u00e9tences dans le domaine viticole. Soucieuse de la culture de la vigne et de son bon d\u00e9veloppement. L\u2019entit\u00e9 cible son expertise et ses comp\u00e9tences en vous proposant son savoir faire dans les [&hellip;]<\/p>\n","protected":false},"author":1,"featured_media":0,"parent":19,"menu_order":1,"comment_status":"closed","ping_status":"closed","template":"","meta":{"spay_email":""},"yoast_head":"<!-- This site is optimized with the Yoast SEO plugin v15.9 - https:\/\/yoast.com\/wordpress\/plugins\/seo\/ -->\n<title>VitiGad - VitiGad<\/title>\n<meta name=\"description\" content=\"Sp\u00e9cialiste dans la mise en place des palissages de vigne mais aussi distributeur en fournitures viticole. Pr\u00e9sent sur toute la France.\" \/>\n<meta name=\"robots\" content=\"index, follow, max-snippet:-1, max-image-preview:large, max-video-preview:-1\" \/>\n<link rel=\"canonical\" href=\"https:\/\/vitigad.fr\/index.php\/a-propos-de\/vitigad\/\" \/>\n<meta property=\"og:locale\" content=\"fr_FR\" \/>\n<meta property=\"og:type\" content=\"article\" \/>\n<meta property=\"og:title\" content=\"VitiGad - VitiGad\" \/>\n<meta property=\"og:description\" content=\"Sp\u00e9cialiste dans la mise en place des palissages de vigne mais aussi distributeur en fournitures viticole. Pr\u00e9sent sur toute la France.\" \/>\n<meta property=\"og:url\" content=\"https:\/\/vitigad.fr\/index.php\/a-propos-de\/vitigad\/\" \/>\n<meta property=\"og:site_name\" content=\"VitiGad\" \/>\n<meta property=\"article:modified_time\" content=\"2021-09-16T08:22:00+00:00\" \/>\n<meta property=\"og:image\" content=\"http:\/\/vitigad.fr\/wp-content\/uploads\/2021\/02\/Disponible-Prochainement-2048x2048.png\" \/>\n<meta name=\"twitter:card\" content=\"summary_large_image\" \/>\n<meta name=\"twitter:label1\" content=\"Dur\u00e9e de lecture est.\">\n\t<meta name=\"twitter:data1\" content=\"1 minute\">\n<script type=\"application\/ld+json\" class=\"yoast-schema-graph\">{\"@context\":\"https:\/\/schema.org\",\"@graph\":[{\"@type\":\"WebSite\",\"@id\":\"https:\/\/vitigad.fr\/#website\",\"url\":\"https:\/\/vitigad.fr\/\",\"name\":\"VitiGad\",\"description\":\"\",\"potentialAction\":[{\"@type\":\"SearchAction\",\"target\":\"https:\/\/vitigad.fr\/?s={search_term_string}\",\"query-input\":\"required name=search_term_string\"}],\"inLanguage\":\"fr-FR\"},{\"@type\":\"ImageObject\",\"@id\":\"https:\/\/vitigad.fr\/index.php\/a-propos-de\/vitigad\/#primaryimage\",\"inLanguage\":\"fr-FR\",\"url\":\"http:\/\/vitigad.fr\/wp-content\/uploads\/2021\/02\/Disponible-Prochainement-2048x2048.png\"},{\"@type\":\"WebPage\",\"@id\":\"https:\/\/vitigad.fr\/index.php\/a-propos-de\/vitigad\/#webpage\",\"url\":\"https:\/\/vitigad.fr\/index.php\/a-propos-de\/vitigad\/\",\"name\":\"VitiGad - VitiGad\",\"isPartOf\":{\"@id\":\"https:\/\/vitigad.fr\/#website\"},\"primaryImageOfPage\":{\"@id\":\"https:\/\/vitigad.fr\/index.php\/a-propos-de\/vitigad\/#primaryimage\"},\"datePublished\":\"2021-02-12T10:22:33+00:00\",\"dateModified\":\"2021-09-16T08:22:00+00:00\",\"description\":\"Sp\\u00e9cialiste dans la mise en place des palissages de vigne mais aussi distributeur en fournitures viticole. Pr\\u00e9sent sur toute la France.\",\"breadcrumb\":{\"@id\":\"https:\/\/vitigad.fr\/index.php\/a-propos-de\/vitigad\/#breadcrumb\"},\"inLanguage\":\"fr-FR\",\"potentialAction\":[{\"@type\":\"ReadAction\",\"target\":[\"https:\/\/vitigad.fr\/index.php\/a-propos-de\/vitigad\/\"]}]},{\"@type\":\"BreadcrumbList\",\"@id\":\"https:\/\/vitigad.fr\/index.php\/a-propos-de\/vitigad\/#breadcrumb\",\"itemListElement\":[{\"@type\":\"ListItem\",\"position\":1,\"item\":{\"@type\":\"WebPage\",\"@id\":\"https:\/\/vitigad.fr\/\",\"url\":\"https:\/\/vitigad.fr\/\",\"name\":\"Accueil\"}},{\"@type\":\"ListItem\",\"position\":2,\"item\":{\"@type\":\"WebPage\",\"@id\":\"https:\/\/vitigad.fr\/index.php\/a-propos-de\/\",\"url\":\"https:\/\/vitigad.fr\/index.php\/a-propos-de\/\",\"name\":\"VitiGad\"}},{\"@type\":\"ListItem\",\"position\":3,\"item\":{\"@type\":\"WebPage\",\"@id\":\"https:\/\/vitigad.fr\/index.php\/a-propos-de\/vitigad\/\",\"url\":\"https:\/\/vitigad.fr\/index.php\/a-propos-de\/vitigad\/\",\"name\":\"VitiGad\"}}]}]}<\/script>\n<!-- \/ Yoast SEO plugin. -->","jetpack_sharing_enabled":true,"jetpack_shortlink":"https:\/\/wp.me\/PamHgi-7y","_links":{"self":[{"href":"https:\/\/vitigad.fr\/index.php\/wp-json\/wp\/v2\/pages\/468"}],"collection":[{"href":"https:\/\/vitigad.fr\/index.php\/wp-json\/wp\/v2\/pages"}],"about":[{"href":"https:\/\/vitigad.fr\/index.php\/wp-json\/wp\/v2\/types\/page"}],"author":[{"embeddable":true,"href":"https:\/\/vitigad.fr\/index.php\/wp-json\/wp\/v2\/users\/1"}],"replies":[{"embeddable":true,"href":"https:\/\/vitigad.fr\/index.php\/wp-json\/wp\/v2\/comments?post=468"}],"version-history":[{"count":27,"href":"https:\/\/vitigad.fr\/index.php\/wp-json\/wp\/v2\/pages\/468\/revisions"}],"predecessor-version":[{"id":955,"href":"https:\/\/vitigad.fr\/index.php\/wp-json\/wp\/v2\/pages\/468\/revisions\/955"}],"up":[{"embeddable":true,"href":"https:\/\/vitigad.fr\/index.php\/wp-json\/wp\/v2\/pages\/19"}],"wp:attachment":[{"href":"https:\/\/vitigad.fr\/index.php\/wp-json\/wp\/v2\/media?parent=468"}],"curies":[{"name":"wp","href":"https:\/\/api.w.org\/{rel}","templated":true}]}}