{"id":486,"date":"2021-02-12T11:33:29","date_gmt":"2021-02-12T10:33:29","guid":{"rendered":"http:\/\/vitigad.fr\/?page_id=486"},"modified":"2021-09-15T10:33:27","modified_gmt":"2021-09-15T08:33:27","slug":"fournitures-palissage-de-vigne","status":"publish","type":"page","link":"https:\/\/vitigad.fr\/index.php\/distribution-et-fournitures\/fournitures-palissage-de-vigne\/","title":{"rendered":"Fournitures de palissage de vigne"},"content":{"rendered":"<p>Cette unit\u00e9 commercialise toutes les fournitures n\u00e9cessaires \u00e0 vos palissages de vigne mais aussi pour vos projets d\u2019arboriculture.<\/p>\n<p>Gr\u00e2ce \u00e0 notre expertise, nous pourrons vous apporter un vrai conseil technique agr\u00e9ment\u00e9 d\u2019\u00e9changes constructifs pour vous proposer un projet qui vous ressemble.<\/p>\n<p>Nous nous occupons de tout, de A \u00e0 Z.<\/p>\n<p>De plus, nous venons \u00e0 votre rencontre pour \u00e9tudier vos projets et vos sols dans le but de vous conseiller un produit adapt\u00e9. Vous recevrez ensuite un devis d\u00e9taill\u00e9 ainsi qu\u2019un m\u00e9moire technique.<\/p>\n<p>Apr\u00e8s votre validation, nous nous occupons de passer commande, du suivi de la livraison ainsi que de la r\u00e9ception.<\/p>\n<p>En effet, notre objectif est de vous offrir un accompagnement complet pour participer \u00e0 vos cot\u00e9s \u00e0 la r\u00e9ussite de vos vignobles.<\/p>\n<p>La qualit\u00e9 des produits est primordiale pour nous. C\u2019est pour cela que nous travaillons avec des partenaires de confiance. Pour nous il \u00e9tait important de travailler avec des fabricants fran\u00e7ais c\u2019est pour cela que la plupart des produits sont fabriqu\u00e9s en France.<\/p>\n<p>Pour conclure, notre seul souhait est de vous apporter une solution durable dans le temps.<\/p>\n<h2>Une palette compl\u00e8te de produit vous attends, tel que:<\/h2>\n<ul>\n<li>Piquets interm\u00e9diaires: type profil\u00e9 galvanis\u00e9, corni\u00e8res, bois<\/li>\n<li>Piquets de rangs: type profil\u00e9 galvanis\u00e9, corni\u00e8res, bois<\/li>\n<li>Amarrages<\/li>\n<li>Ancrages<\/li>\n<li>Fils porteurs et releveurs: acier, polyester, inox\u2026<\/li>\n<li>Tuteurs galvanis\u00e9s, tuteurs bambou\u2026<\/li>\n<li>Manchon de protection des ceps<\/li>\n<li>Accessoires: Gripple, ressorts, \u00e9carteurs, crochet\/ barrette pour fil deltex\u2026<\/li>\n<\/ul>\n<p>Demande de devis -&gt;&nbsp;<a href=\"http:\/\/vitigad.fr\/index.php\/devis\/\">Cliquez ici <\/a><\/p>\n<p><img loading=\"lazy\" src=\"http:\/\/vitigad.fr\/wp-content\/uploads\/2021\/02\/DSC_0151-copie-1024x681.jpg\" sizes=\"(max-width: 1024px) 100vw, 1024px\" srcset=\"http:\/\/vitigad.fr\/wp-content\/uploads\/2021\/02\/DSC_0151-copie-1024x681.jpg 1024w, http:\/\/vitigad.fr\/wp-content\/uploads\/2021\/02\/DSC_0151-copie-300x199.jpg 300w, http:\/\/vitigad.fr\/wp-content\/uploads\/2021\/02\/DSC_0151-copie-768x511.jpg 768w, http:\/\/vitigad.fr\/wp-content\/uploads\/2021\/02\/DSC_0151-copie-1536x1021.jpg 1536w, http:\/\/vitigad.fr\/wp-content\/uploads\/2021\/02\/DSC_0151-copie-2048x1362.jpg 2048w, http:\/\/vitigad.fr\/wp-content\/uploads\/2021\/02\/DSC_0151-copie-830x552.jpg 830w, http:\/\/vitigad.fr\/wp-content\/uploads\/2021\/02\/DSC_0151-copie-230x153.jpg 230w, http:\/\/vitigad.fr\/wp-content\/uploads\/2021\/02\/DSC_0151-copie-350x233.jpg 350w, http:\/\/vitigad.fr\/wp-content\/uploads\/2021\/02\/DSC_0151-copie-480x319.jpg 480w\" alt=\"\" width=\"1024\" height=\"681\"><br><img loading=\"lazy\" src=\"http:\/\/vitigad.fr\/wp-content\/uploads\/2021\/02\/122158133_373301927146836_4602696356447550466_n-copie.jpg\" sizes=\"(max-width: 720px) 100vw, 720px\" srcset=\"http:\/\/vitigad.fr\/wp-content\/uploads\/2021\/02\/122158133_373301927146836_4602696356447550466_n-copie.jpg 720w, http:\/\/vitigad.fr\/wp-content\/uploads\/2021\/02\/122158133_373301927146836_4602696356447550466_n-copie-225x300.jpg 225w, http:\/\/vitigad.fr\/wp-content\/uploads\/2021\/02\/122158133_373301927146836_4602696356447550466_n-copie-230x307.jpg 230w, http:\/\/vitigad.fr\/wp-content\/uploads\/2021\/02\/122158133_373301927146836_4602696356447550466_n-copie-350x467.jpg 350w, http:\/\/vitigad.fr\/wp-content\/uploads\/2021\/02\/122158133_373301927146836_4602696356447550466_n-copie-480x640.jpg 480w\" alt=\"\" width=\"720\" height=\"960\"><br><img loading=\"lazy\" src=\"http:\/\/vitigad.fr\/wp-content\/uploads\/2021\/03\/IMG_0081-2-768x1024.jpg\" sizes=\"(max-width: 768px) 100vw, 768px\" srcset=\"http:\/\/vitigad.fr\/wp-content\/uploads\/2021\/03\/IMG_0081-2-768x1024.jpg 768w, http:\/\/vitigad.fr\/wp-content\/uploads\/2021\/03\/IMG_0081-2-225x300.jpg 225w, http:\/\/vitigad.fr\/wp-content\/uploads\/2021\/03\/IMG_0081-2-1152x1536.jpg 1152w, http:\/\/vitigad.fr\/wp-content\/uploads\/2021\/03\/IMG_0081-2-1536x2048.jpg 1536w, http:\/\/vitigad.fr\/wp-content\/uploads\/2021\/03\/IMG_0081-2-830x1107.jpg 830w, http:\/\/vitigad.fr\/wp-content\/uploads\/2021\/03\/IMG_0081-2-230x307.jpg 230w, http:\/\/vitigad.fr\/wp-content\/uploads\/2021\/03\/IMG_0081-2-350x467.jpg 350w, http:\/\/vitigad.fr\/wp-content\/uploads\/2021\/03\/IMG_0081-2-480x640.jpg 480w, http:\/\/vitigad.fr\/wp-content\/uploads\/2021\/03\/IMG_0081-2-scaled.jpg 1920w\" alt=\"\" width=\"768\" height=\"1024\"><img loading=\"lazy\" src=\"http:\/\/vitigad.fr\/wp-content\/uploads\/2021\/04\/1FF8A8F9-DBC1-46B0-8DCD-AA69A695AA79-768x1024.jpeg\" sizes=\"(max-width: 768px) 100vw, 768px\" srcset=\"http:\/\/vitigad.fr\/wp-content\/uploads\/2021\/04\/1FF8A8F9-DBC1-46B0-8DCD-AA69A695AA79-768x1024.jpeg 768w, http:\/\/vitigad.fr\/wp-content\/uploads\/2021\/04\/1FF8A8F9-DBC1-46B0-8DCD-AA69A695AA79-225x300.jpeg 225w, http:\/\/vitigad.fr\/wp-content\/uploads\/2021\/04\/1FF8A8F9-DBC1-46B0-8DCD-AA69A695AA79-1152x1536.jpeg 1152w, http:\/\/vitigad.fr\/wp-content\/uploads\/2021\/04\/1FF8A8F9-DBC1-46B0-8DCD-AA69A695AA79-1536x2048.jpeg 1536w, http:\/\/vitigad.fr\/wp-content\/uploads\/2021\/04\/1FF8A8F9-DBC1-46B0-8DCD-AA69A695AA79-830x1107.jpeg 830w, http:\/\/vitigad.fr\/wp-content\/uploads\/2021\/04\/1FF8A8F9-DBC1-46B0-8DCD-AA69A695AA79-230x307.jpeg 230w, http:\/\/vitigad.fr\/wp-content\/uploads\/2021\/04\/1FF8A8F9-DBC1-46B0-8DCD-AA69A695AA79-350x467.jpeg 350w, http:\/\/vitigad.fr\/wp-content\/uploads\/2021\/04\/1FF8A8F9-DBC1-46B0-8DCD-AA69A695AA79-480x640.jpeg 480w, http:\/\/vitigad.fr\/wp-content\/uploads\/2021\/04\/1FF8A8F9-DBC1-46B0-8DCD-AA69A695AA79-scaled.jpeg 1920w\" alt=\"\" width=\"768\" height=\"1024\"><\/p>\n\n\n<figure class=\"wp-block-image size-large\"><img loading=\"lazy\" width=\"768\" height=\"1024\" src=\"http:\/\/vitigad.fr\/wp-content\/uploads\/2021\/05\/CE68373A-52CA-4ED5-9DB0-8F1D8FDD18D3-768x1024.jpeg\" alt=\"\" class=\"wp-image-897\" srcset=\"https:\/\/vitigad.fr\/wp-content\/uploads\/2021\/05\/CE68373A-52CA-4ED5-9DB0-8F1D8FDD18D3-768x1024.jpeg 768w, https:\/\/vitigad.fr\/wp-content\/uploads\/2021\/05\/CE68373A-52CA-4ED5-9DB0-8F1D8FDD18D3-225x300.jpeg 225w, https:\/\/vitigad.fr\/wp-content\/uploads\/2021\/05\/CE68373A-52CA-4ED5-9DB0-8F1D8FDD18D3-1152x1536.jpeg 1152w, https:\/\/vitigad.fr\/wp-content\/uploads\/2021\/05\/CE68373A-52CA-4ED5-9DB0-8F1D8FDD18D3-1536x2048.jpeg 1536w, https:\/\/vitigad.fr\/wp-content\/uploads\/2021\/05\/CE68373A-52CA-4ED5-9DB0-8F1D8FDD18D3-830x1107.jpeg 830w, https:\/\/vitigad.fr\/wp-content\/uploads\/2021\/05\/CE68373A-52CA-4ED5-9DB0-8F1D8FDD18D3-230x307.jpeg 230w, https:\/\/vitigad.fr\/wp-content\/uploads\/2021\/05\/CE68373A-52CA-4ED5-9DB0-8F1D8FDD18D3-350x467.jpeg 350w, https:\/\/vitigad.fr\/wp-content\/uploads\/2021\/05\/CE68373A-52CA-4ED5-9DB0-8F1D8FDD18D3-480x640.jpeg 480w, https:\/\/vitigad.fr\/wp-content\/uploads\/2021\/05\/CE68373A-52CA-4ED5-9DB0-8F1D8FDD18D3-scaled.jpeg 1920w\" sizes=\"(max-width: 768px) 100vw, 768px\" \/><\/figure>\n\n\n\n<p><a href=\"https:\/\/www.facebook.com\/VitiGad\/\" target=\"_blank\" rel=\"noreferrer noopener\"><br>Facebook<br><\/a><br><a href=\"https:\/\/www.instagram.com\/vitigad\/\" target=\"_blank\" rel=\"noreferrer noopener\"><br>Instagram<br><\/a><br><a href=\"https:\/\/www.linkedin.com\/company\/vitigad\/\" target=\"_blank\" rel=\"noreferrer noopener\"><br>Linkedin<\/a><\/p>\n","protected":false},"excerpt":{"rendered":"<p>Cette unit\u00e9 commercialise toutes les fournitures n\u00e9cessaires \u00e0 vos palissages de vigne mais aussi pour vos projets d\u2019arboriculture. Gr\u00e2ce \u00e0 notre expertise, nous pourrons vous apporter un vrai conseil technique agr\u00e9ment\u00e9 d\u2019\u00e9changes constructifs pour vous proposer un projet qui vous ressemble. Nous nous occupons de tout, de A \u00e0 Z. De plus, nous venons \u00e0 [&hellip;]<\/p>\n","protected":false},"author":1,"featured_media":0,"parent":482,"menu_order":1,"comment_status":"closed","ping_status":"closed","template":"","meta":{"spay_email":""},"yoast_head":"<!-- This site is optimized with the Yoast SEO plugin v15.9 - https:\/\/yoast.com\/wordpress\/plugins\/seo\/ -->\n<title>Fournitures - palissage - piquets - galvanis\u00e9- accessoires - viticole - Vitigad<\/title>\n<meta name=\"description\" content=\"VitiGad commercialise toutes les fournitures n\u00e9cessaires \u00e0 vos palissages (piquets, fils, ancrages, tuteurs, accessoires...).\" \/>\n<meta name=\"robots\" content=\"index, follow, max-snippet:-1, max-image-preview:large, max-video-preview:-1\" \/>\n<link rel=\"canonical\" href=\"https:\/\/vitigad.fr\/index.php\/distribution-et-fournitures\/fournitures-palissage-de-vigne\/\" \/>\n<meta property=\"og:locale\" content=\"fr_FR\" \/>\n<meta property=\"og:type\" content=\"article\" \/>\n<meta property=\"og:title\" content=\"Fournitures - palissage - piquets - galvanis\u00e9- accessoires - viticole - Vitigad\" \/>\n<meta property=\"og:description\" content=\"VitiGad commercialise toutes les fournitures n\u00e9cessaires \u00e0 vos palissages (piquets, fils, ancrages, tuteurs, accessoires...).\" \/>\n<meta property=\"og:url\" content=\"https:\/\/vitigad.fr\/index.php\/distribution-et-fournitures\/fournitures-palissage-de-vigne\/\" \/>\n<meta property=\"og:site_name\" content=\"VitiGad\" \/>\n<meta property=\"article:modified_time\" content=\"2021-09-15T08:33:27+00:00\" \/>\n<meta property=\"og:image\" content=\"http:\/\/vitigad.fr\/wp-content\/uploads\/2021\/02\/DSC_0151-copie-1024x681.jpg\" \/>\n<meta name=\"twitter:card\" content=\"summary_large_image\" \/>\n<meta name=\"twitter:label1\" content=\"Dur\u00e9e de lecture est.\">\n\t<meta name=\"twitter:data1\" content=\"3 minutes\">\n<script type=\"application\/ld+json\" class=\"yoast-schema-graph\">{\"@context\":\"https:\/\/schema.org\",\"@graph\":[{\"@type\":\"WebSite\",\"@id\":\"https:\/\/vitigad.fr\/#website\",\"url\":\"https:\/\/vitigad.fr\/\",\"name\":\"VitiGad\",\"description\":\"\",\"potentialAction\":[{\"@type\":\"SearchAction\",\"target\":\"https:\/\/vitigad.fr\/?s={search_term_string}\",\"query-input\":\"required name=search_term_string\"}],\"inLanguage\":\"fr-FR\"},{\"@type\":\"ImageObject\",\"@id\":\"https:\/\/vitigad.fr\/index.php\/distribution-et-fournitures\/fournitures-palissage-de-vigne\/#primaryimage\",\"inLanguage\":\"fr-FR\",\"url\":\"http:\/\/vitigad.fr\/wp-content\/uploads\/2021\/02\/DSC_0151-copie-1024x681.jpg\"},{\"@type\":\"WebPage\",\"@id\":\"https:\/\/vitigad.fr\/index.php\/distribution-et-fournitures\/fournitures-palissage-de-vigne\/#webpage\",\"url\":\"https:\/\/vitigad.fr\/index.php\/distribution-et-fournitures\/fournitures-palissage-de-vigne\/\",\"name\":\"Fournitures - palissage - piquets - galvanis\\u00e9- accessoires - viticole - Vitigad\",\"isPartOf\":{\"@id\":\"https:\/\/vitigad.fr\/#website\"},\"primaryImageOfPage\":{\"@id\":\"https:\/\/vitigad.fr\/index.php\/distribution-et-fournitures\/fournitures-palissage-de-vigne\/#primaryimage\"},\"datePublished\":\"2021-02-12T10:33:29+00:00\",\"dateModified\":\"2021-09-15T08:33:27+00:00\",\"description\":\"VitiGad commercialise toutes les fournitures n\\u00e9cessaires \\u00e0 vos palissages (piquets, fils, ancrages, tuteurs, accessoires...).\",\"breadcrumb\":{\"@id\":\"https:\/\/vitigad.fr\/index.php\/distribution-et-fournitures\/fournitures-palissage-de-vigne\/#breadcrumb\"},\"inLanguage\":\"fr-FR\",\"potentialAction\":[{\"@type\":\"ReadAction\",\"target\":[\"https:\/\/vitigad.fr\/index.php\/distribution-et-fournitures\/fournitures-palissage-de-vigne\/\"]}]},{\"@type\":\"BreadcrumbList\",\"@id\":\"https:\/\/vitigad.fr\/index.php\/distribution-et-fournitures\/fournitures-palissage-de-vigne\/#breadcrumb\",\"itemListElement\":[{\"@type\":\"ListItem\",\"position\":1,\"item\":{\"@type\":\"WebPage\",\"@id\":\"https:\/\/vitigad.fr\/\",\"url\":\"https:\/\/vitigad.fr\/\",\"name\":\"Accueil\"}},{\"@type\":\"ListItem\",\"position\":2,\"item\":{\"@type\":\"WebPage\",\"@id\":\"https:\/\/vitigad.fr\/index.php\/distribution-et-fournitures\/\",\"url\":\"https:\/\/vitigad.fr\/index.php\/distribution-et-fournitures\/\",\"name\":\"Fournitures\"}},{\"@type\":\"ListItem\",\"position\":3,\"item\":{\"@type\":\"WebPage\",\"@id\":\"https:\/\/vitigad.fr\/index.php\/distribution-et-fournitures\/fournitures-palissage-de-vigne\/\",\"url\":\"https:\/\/vitigad.fr\/index.php\/distribution-et-fournitures\/fournitures-palissage-de-vigne\/\",\"name\":\"Fournitures de palissage de vigne\"}}]}]}<\/script>\n<!-- \/ Yoast SEO plugin. -->","jetpack_sharing_enabled":true,"jetpack_shortlink":"https:\/\/wp.me\/PamHgi-7Q","_links":{"self":[{"href":"https:\/\/vitigad.fr\/index.php\/wp-json\/wp\/v2\/pages\/486"}],"collection":[{"href":"https:\/\/vitigad.fr\/index.php\/wp-json\/wp\/v2\/pages"}],"about":[{"href":"https:\/\/vitigad.fr\/index.php\/wp-json\/wp\/v2\/types\/page"}],"author":[{"embeddable":true,"href":"https:\/\/vitigad.fr\/index.php\/wp-json\/wp\/v2\/users\/1"}],"replies":[{"embeddable":true,"href":"https:\/\/vitigad.fr\/index.php\/wp-json\/wp\/v2\/comments?post=486"}],"version-history":[{"count":67,"href":"https:\/\/vitigad.fr\/index.php\/wp-json\/wp\/v2\/pages\/486\/revisions"}],"predecessor-version":[{"id":950,"href":"https:\/\/vitigad.fr\/index.php\/wp-json\/wp\/v2\/pages\/486\/revisions\/950"}],"up":[{"embeddable":true,"href":"https:\/\/vitigad.fr\/index.php\/wp-json\/wp\/v2\/pages\/482"}],"wp:attachment":[{"href":"https:\/\/vitigad.fr\/index.php\/wp-json\/wp\/v2\/media?parent=486"}],"curies":[{"name":"wp","href":"https:\/\/api.w.org\/{rel}","templated":true}]}}