{"id":85,"date":"2018-10-16T18:19:37","date_gmt":"2018-10-16T16:19:37","guid":{"rendered":"http:\/\/vitigad.fr\/?page_id=85"},"modified":"2021-02-15T18:50:19","modified_gmt":"2021-02-15T17:50:19","slug":"terrassement","status":"publish","type":"page","link":"https:\/\/vitigad.fr\/index.php\/terrassement\/","title":{"rendered":"Terrassement"},"content":{"rendered":"\t\t<div data-elementor-type=\"wp-page\" data-elementor-id=\"85\" class=\"elementor elementor-85\" data-elementor-settings=\"[]\">\n\t\t\t\t\t\t\t<div class=\"elementor-section-wrap\">\n\t\t\t\t\t\t\t<section class=\"elementor-section elementor-top-section elementor-element elementor-element-42148146 elementor-section-boxed elementor-section-height-default elementor-section-height-default\" data-id=\"42148146\" data-element_type=\"section\">\n\t\t\t\t\t\t<div class=\"elementor-container elementor-column-gap-default\">\n\t\t\t\t\t<div class=\"elementor-column elementor-col-100 elementor-top-column elementor-element elementor-element-31138bef\" data-id=\"31138bef\" data-element_type=\"column\">\n\t\t\t<div class=\"elementor-widget-wrap elementor-element-populated\">\n\t\t\t\t\t\t\t\t<div class=\"elementor-element elementor-element-3779c73b elementor-widget elementor-widget-text-editor\" data-id=\"3779c73b\" data-element_type=\"widget\" data-widget_type=\"text-editor.default\">\n\t\t\t\t<div class=\"elementor-widget-container\">\n\t\t\t\t\t<div class=\"elementor-text-editor elementor-clearfix\">L&rsquo;entit\u00e9 VitiGad propose son expertise dans le conseil et la r\u00e9alisation de petit terrassement. Vous avez pour souhait de r\u00e9aliser :\r\n<ul>\r\n \t<li>Les fondations de votre maison<\/li>\r\n \t<li>une fausse de piscine<\/li>\r\n \t<li>le nivellement de votre terrain<\/li>\r\n \t<li>des d\u00e9caissements<\/li>\r\n \t<li>l&rsquo;\u00e9vacuation de vos mat\u00e9riaux ( terre v\u00e9g\u00e9tal, concass\u00e9&#8230;)<\/li>\r\n<\/ul>\r\nNous g\u00e9rons \u00e9galement, la recalcification de vos exedants de terre sur votre terrain ainsi qu&rsquo;en d\u00e9charge agr\u00e9\u00e9e.\r\n\r\nTous nos chantier font l&rsquo;objet d&rsquo;une \u00e9tude pr\u00e9alable, pour pouvoir conseiller au mieux nos clients et leur apporter la solution la moins on\u00e9reuse.\r\n\r\n<img loading=\"lazy\" class=\"aligncenter wp-image-89 size-full\" src=\"http:\/\/vitigad.fr\/wp-content\/uploads\/2018\/10\/43576862_244929129523604_5126717227885658112_n.jpg\" alt=\"\" width=\"960\" height=\"720\" srcset=\"https:\/\/vitigad.fr\/wp-content\/uploads\/2018\/10\/43576862_244929129523604_5126717227885658112_n.jpg 960w, https:\/\/vitigad.fr\/wp-content\/uploads\/2018\/10\/43576862_244929129523604_5126717227885658112_n-300x225.jpg 300w, https:\/\/vitigad.fr\/wp-content\/uploads\/2018\/10\/43576862_244929129523604_5126717227885658112_n-768x576.jpg 768w, https:\/\/vitigad.fr\/wp-content\/uploads\/2018\/10\/43576862_244929129523604_5126717227885658112_n-830x623.jpg 830w, https:\/\/vitigad.fr\/wp-content\/uploads\/2018\/10\/43576862_244929129523604_5126717227885658112_n-230x173.jpg 230w, https:\/\/vitigad.fr\/wp-content\/uploads\/2018\/10\/43576862_244929129523604_5126717227885658112_n-350x263.jpg 350w, https:\/\/vitigad.fr\/wp-content\/uploads\/2018\/10\/43576862_244929129523604_5126717227885658112_n-480x360.jpg 480w\" sizes=\"(max-width: 960px) 100vw, 960px\" \/>\r\n\r\n<img loading=\"lazy\" class=\"aligncenter wp-image-87 size-full\" src=\"http:\/\/vitigad.fr\/wp-content\/uploads\/2018\/10\/43510994_244929052856945_1270281851042267136_n.jpg\" alt=\"\" width=\"960\" height=\"720\" srcset=\"https:\/\/vitigad.fr\/wp-content\/uploads\/2018\/10\/43510994_244929052856945_1270281851042267136_n.jpg 960w, https:\/\/vitigad.fr\/wp-content\/uploads\/2018\/10\/43510994_244929052856945_1270281851042267136_n-300x225.jpg 300w, https:\/\/vitigad.fr\/wp-content\/uploads\/2018\/10\/43510994_244929052856945_1270281851042267136_n-768x576.jpg 768w, https:\/\/vitigad.fr\/wp-content\/uploads\/2018\/10\/43510994_244929052856945_1270281851042267136_n-830x623.jpg 830w, https:\/\/vitigad.fr\/wp-content\/uploads\/2018\/10\/43510994_244929052856945_1270281851042267136_n-230x173.jpg 230w, https:\/\/vitigad.fr\/wp-content\/uploads\/2018\/10\/43510994_244929052856945_1270281851042267136_n-350x263.jpg 350w, https:\/\/vitigad.fr\/wp-content\/uploads\/2018\/10\/43510994_244929052856945_1270281851042267136_n-480x360.jpg 480w\" sizes=\"(max-width: 960px) 100vw, 960px\" \/>\r\n\r\n<img loading=\"lazy\" class=\"aligncenter wp-image-88 size-full\" src=\"http:\/\/vitigad.fr\/wp-content\/uploads\/2018\/10\/43528174_245468746136309_4143819867776090112_n.jpg\" alt=\"\" width=\"960\" height=\"720\" srcset=\"https:\/\/vitigad.fr\/wp-content\/uploads\/2018\/10\/43528174_245468746136309_4143819867776090112_n.jpg 960w, https:\/\/vitigad.fr\/wp-content\/uploads\/2018\/10\/43528174_245468746136309_4143819867776090112_n-300x225.jpg 300w, https:\/\/vitigad.fr\/wp-content\/uploads\/2018\/10\/43528174_245468746136309_4143819867776090112_n-768x576.jpg 768w, https:\/\/vitigad.fr\/wp-content\/uploads\/2018\/10\/43528174_245468746136309_4143819867776090112_n-830x623.jpg 830w, https:\/\/vitigad.fr\/wp-content\/uploads\/2018\/10\/43528174_245468746136309_4143819867776090112_n-230x173.jpg 230w, https:\/\/vitigad.fr\/wp-content\/uploads\/2018\/10\/43528174_245468746136309_4143819867776090112_n-350x263.jpg 350w, https:\/\/vitigad.fr\/wp-content\/uploads\/2018\/10\/43528174_245468746136309_4143819867776090112_n-480x360.jpg 480w\" sizes=\"(max-width: 960px) 100vw, 960px\" \/>\r\n\r\n<img loading=\"lazy\" class=\"aligncenter wp-image-90 size-full\" src=\"http:\/\/vitigad.fr\/wp-content\/uploads\/2018\/10\/43715622_245468652802985_1608828799858769920_n.jpg\" alt=\"\" width=\"960\" height=\"720\" srcset=\"https:\/\/vitigad.fr\/wp-content\/uploads\/2018\/10\/43715622_245468652802985_1608828799858769920_n.jpg 960w, https:\/\/vitigad.fr\/wp-content\/uploads\/2018\/10\/43715622_245468652802985_1608828799858769920_n-300x225.jpg 300w, https:\/\/vitigad.fr\/wp-content\/uploads\/2018\/10\/43715622_245468652802985_1608828799858769920_n-768x576.jpg 768w, https:\/\/vitigad.fr\/wp-content\/uploads\/2018\/10\/43715622_245468652802985_1608828799858769920_n-830x623.jpg 830w, https:\/\/vitigad.fr\/wp-content\/uploads\/2018\/10\/43715622_245468652802985_1608828799858769920_n-230x173.jpg 230w, https:\/\/vitigad.fr\/wp-content\/uploads\/2018\/10\/43715622_245468652802985_1608828799858769920_n-350x263.jpg 350w, https:\/\/vitigad.fr\/wp-content\/uploads\/2018\/10\/43715622_245468652802985_1608828799858769920_n-480x360.jpg 480w\" sizes=\"(max-width: 960px) 100vw, 960px\" \/><\/div>\n\t\t\t\t<\/div>\n\t\t\t\t<\/div>\n\t\t\t\t\t<\/div>\n\t\t<\/div>\n\t\t\t\t\t\t\t<\/div>\n\t\t<\/section>\n\t\t\t\t<section class=\"elementor-section elementor-top-section elementor-element elementor-element-52bcb6c elementor-section-boxed elementor-section-height-default elementor-section-height-default\" data-id=\"52bcb6c\" data-element_type=\"section\">\n\t\t\t\t\t\t<div class=\"elementor-container elementor-column-gap-default\">\n\t\t\t\t\t<div class=\"elementor-column elementor-col-100 elementor-top-column elementor-element elementor-element-bdad9d0\" data-id=\"bdad9d0\" data-element_type=\"column\">\n\t\t\t<div class=\"elementor-widget-wrap elementor-element-populated\">\n\t\t\t\t\t\t\t\t<div class=\"elementor-element elementor-element-70b6d8e elementor-shape-circle elementor-grid-0 e-grid-align-center elementor-widget elementor-widget-social-icons\" data-id=\"70b6d8e\" data-element_type=\"widget\" data-widget_type=\"social-icons.default\">\n\t\t\t\t<div class=\"elementor-widget-container\">\n\t\t\t\t\t<div class=\"elementor-social-icons-wrapper elementor-grid\">\n\t\t\t\t\t\t\t<div class=\"elementor-grid-item\">\n\t\t\t\t\t<a class=\"elementor-icon elementor-social-icon elementor-social-icon-facebook elementor-animation-pulse elementor-repeater-item-a963977\" href=\"https:\/\/www.facebook.com\/VitiGad\/\" target=\"_blank\">\n\t\t\t\t\t\t<span class=\"elementor-screen-only\">Facebook<\/span>\n\t\t\t\t\t\t<i class=\"fab fa-facebook\"><\/i>\t\t\t\t\t<\/a>\n\t\t\t\t<\/div>\n\t\t\t\t\t\t\t<div class=\"elementor-grid-item\">\n\t\t\t\t\t<a class=\"elementor-icon elementor-social-icon elementor-social-icon-instagram elementor-animation-pulse elementor-repeater-item-0b96953\" href=\"https:\/\/www.instagram.com\/vitigad\/\" target=\"_blank\">\n\t\t\t\t\t\t<span class=\"elementor-screen-only\">Instagram<\/span>\n\t\t\t\t\t\t<i class=\"fab fa-instagram\"><\/i>\t\t\t\t\t<\/a>\n\t\t\t\t<\/div>\n\t\t\t\t\t\t\t<div class=\"elementor-grid-item\">\n\t\t\t\t\t<a class=\"elementor-icon elementor-social-icon elementor-social-icon-linkedin elementor-animation-pulse elementor-repeater-item-ce80231\" href=\"https:\/\/www.linkedin.com\/company\/vitigad\/\" target=\"_blank\">\n\t\t\t\t\t\t<span class=\"elementor-screen-only\">Linkedin<\/span>\n\t\t\t\t\t\t<i class=\"fab fa-linkedin\"><\/i>\t\t\t\t\t<\/a>\n\t\t\t\t<\/div>\n\t\t\t\t\t<\/div>\n\t\t\t\t<\/div>\n\t\t\t\t<\/div>\n\t\t\t\t\t<\/div>\n\t\t<\/div>\n\t\t\t\t\t\t\t<\/div>\n\t\t<\/section>\n\t\t\t\t\t\t<\/div>\n\t\t\t\t\t<\/div>\n\t\t","protected":false},"excerpt":{"rendered":"<p>L&rsquo;entit\u00e9 VitiGad propose son expertise dans le conseil et la r\u00e9alisation de petit terrassement. Vous avez pour souhait de r\u00e9aliser : Les fondations de votre maison une fausse de piscine le nivellement de votre terrain des d\u00e9caissements l&rsquo;\u00e9vacuation de vos mat\u00e9riaux ( terre v\u00e9g\u00e9tal, concass\u00e9&#8230;) Nous g\u00e9rons \u00e9galement, la recalcification de vos exedants de terre [&hellip;]<\/p>\n","protected":false},"author":1,"featured_media":0,"parent":0,"menu_order":0,"comment_status":"closed","ping_status":"closed","template":"page-templates\/page_fullwidth.php","meta":{"spay_email":""},"yoast_head":"<!-- This site is optimized with the Yoast SEO plugin v15.9 - https:\/\/yoast.com\/wordpress\/plugins\/seo\/ -->\n<title>Terrassement - VitiGad<\/title>\n<meta name=\"robots\" content=\"index, follow, max-snippet:-1, max-image-preview:large, max-video-preview:-1\" \/>\n<link rel=\"canonical\" href=\"https:\/\/vitigad.fr\/index.php\/terrassement\/\" \/>\n<meta property=\"og:locale\" content=\"fr_FR\" \/>\n<meta property=\"og:type\" content=\"article\" \/>\n<meta property=\"og:title\" content=\"Terrassement - VitiGad\" \/>\n<meta property=\"og:description\" content=\"L&rsquo;entit\u00e9 VitiGad propose son expertise dans le conseil et la r\u00e9alisation de petit terrassement. Vous avez pour souhait de r\u00e9aliser : Les fondations de votre maison une fausse de piscine le nivellement de votre terrain des d\u00e9caissements l&rsquo;\u00e9vacuation de vos mat\u00e9riaux ( terre v\u00e9g\u00e9tal, concass\u00e9&#8230;) Nous g\u00e9rons \u00e9galement, la recalcification de vos exedants de terre [&hellip;]\" \/>\n<meta property=\"og:url\" content=\"https:\/\/vitigad.fr\/index.php\/terrassement\/\" \/>\n<meta property=\"og:site_name\" content=\"VitiGad\" \/>\n<meta property=\"article:modified_time\" content=\"2021-02-15T17:50:19+00:00\" \/>\n<meta property=\"og:image\" content=\"http:\/\/vitigad.fr\/wp-content\/uploads\/2018\/10\/43576862_244929129523604_5126717227885658112_n.jpg\" \/>\n<meta name=\"twitter:card\" content=\"summary_large_image\" \/>\n<script type=\"application\/ld+json\" class=\"yoast-schema-graph\">{\"@context\":\"https:\/\/schema.org\",\"@graph\":[{\"@type\":\"WebSite\",\"@id\":\"https:\/\/vitigad.fr\/#website\",\"url\":\"https:\/\/vitigad.fr\/\",\"name\":\"VitiGad\",\"description\":\"\",\"potentialAction\":[{\"@type\":\"SearchAction\",\"target\":\"https:\/\/vitigad.fr\/?s={search_term_string}\",\"query-input\":\"required name=search_term_string\"}],\"inLanguage\":\"fr-FR\"},{\"@type\":\"ImageObject\",\"@id\":\"https:\/\/vitigad.fr\/index.php\/terrassement\/#primaryimage\",\"inLanguage\":\"fr-FR\",\"url\":\"http:\/\/vitigad.fr\/wp-content\/uploads\/2018\/10\/43576862_244929129523604_5126717227885658112_n.jpg\"},{\"@type\":\"WebPage\",\"@id\":\"https:\/\/vitigad.fr\/index.php\/terrassement\/#webpage\",\"url\":\"https:\/\/vitigad.fr\/index.php\/terrassement\/\",\"name\":\"Terrassement - VitiGad\",\"isPartOf\":{\"@id\":\"https:\/\/vitigad.fr\/#website\"},\"primaryImageOfPage\":{\"@id\":\"https:\/\/vitigad.fr\/index.php\/terrassement\/#primaryimage\"},\"datePublished\":\"2018-10-16T16:19:37+00:00\",\"dateModified\":\"2021-02-15T17:50:19+00:00\",\"breadcrumb\":{\"@id\":\"https:\/\/vitigad.fr\/index.php\/terrassement\/#breadcrumb\"},\"inLanguage\":\"fr-FR\",\"potentialAction\":[{\"@type\":\"ReadAction\",\"target\":[\"https:\/\/vitigad.fr\/index.php\/terrassement\/\"]}]},{\"@type\":\"BreadcrumbList\",\"@id\":\"https:\/\/vitigad.fr\/index.php\/terrassement\/#breadcrumb\",\"itemListElement\":[{\"@type\":\"ListItem\",\"position\":1,\"item\":{\"@type\":\"WebPage\",\"@id\":\"https:\/\/vitigad.fr\/\",\"url\":\"https:\/\/vitigad.fr\/\",\"name\":\"Accueil\"}},{\"@type\":\"ListItem\",\"position\":2,\"item\":{\"@type\":\"WebPage\",\"@id\":\"https:\/\/vitigad.fr\/index.php\/terrassement\/\",\"url\":\"https:\/\/vitigad.fr\/index.php\/terrassement\/\",\"name\":\"Terrassement\"}}]}]}<\/script>\n<!-- \/ Yoast SEO plugin. -->","jetpack_sharing_enabled":true,"jetpack_shortlink":"https:\/\/wp.me\/PamHgi-1n","_links":{"self":[{"href":"https:\/\/vitigad.fr\/index.php\/wp-json\/wp\/v2\/pages\/85"}],"collection":[{"href":"https:\/\/vitigad.fr\/index.php\/wp-json\/wp\/v2\/pages"}],"about":[{"href":"https:\/\/vitigad.fr\/index.php\/wp-json\/wp\/v2\/types\/page"}],"author":[{"embeddable":true,"href":"https:\/\/vitigad.fr\/index.php\/wp-json\/wp\/v2\/users\/1"}],"replies":[{"embeddable":true,"href":"https:\/\/vitigad.fr\/index.php\/wp-json\/wp\/v2\/comments?post=85"}],"version-history":[{"count":11,"href":"https:\/\/vitigad.fr\/index.php\/wp-json\/wp\/v2\/pages\/85\/revisions"}],"predecessor-version":[{"id":633,"href":"https:\/\/vitigad.fr\/index.php\/wp-json\/wp\/v2\/pages\/85\/revisions\/633"}],"wp:attachment":[{"href":"https:\/\/vitigad.fr\/index.php\/wp-json\/wp\/v2\/media?parent=85"}],"curies":[{"name":"wp","href":"https:\/\/api.w.org\/{rel}","templated":true}]}}